{"id":10,"date":"2018-11-19T04:35:58","date_gmt":"2018-11-19T04:35:58","guid":{"rendered":"http:\/\/localhost\/san_francisco\/?page_id=10"},"modified":"2020-02-11T03:47:47","modified_gmt":"2020-02-11T03:47:47","slug":"niveles","status":"publish","type":"page","link":"https:\/\/www.lalitojma.edu.pe\/portal\/niveles\/","title":{"rendered":"Niveles"},"content":{"rendered":"<p>[vc_row full_width=&#8221;stretch_row_content_no_spaces&#8221; content_placement=&#8221;top&#8221;][vc_column]<\/p>\n<div class=\"portfolio noscript medium\">\n<div class=\" galleriffic\" data-count=\"3\">\n<ul class=\"thumbs-temp styled\"><\/ul>\n<ul class=\"thumbs lazy-loading styled\" data-ll-item-delay=\"0\">\n<li class=\"self-linklazy-loading-item\" data-ll-effect=\"drop-bottom\"><a href=\"https:\/\/www.lalitojma.edu.pe\/portal\/niveles-de-estudio\/inicial\/\"><span class=\"image\"><img fetchpriority=\"high\" decoding=\"async\" src=\"https:\/\/www.lalitojma.edu.pe\/portal\/wp-content\/uploads\/2018\/11\/home_niveles_inicial-570x340.jpg\" width=\"570\" height=\"340\" alt=\"Inicial\" \/><br \/>\n<h3 class=\"titulo_nivel\">Inicial<\/h3>\n<p><\/span><\/p>\n<div class=\"cont_hover\">\n<h4>Nivel Inicial<\/h4>\n<p>Nuestra propuesta pedag\u00f3gica abarca la atenci\u00f3n de ni\u00f1os de 3, 4 y 5 a\u00f1os de edad, siendo muy respetuosos de las caracter\u00edsticas psicoevolutivas del ni\u00f1o.<\/p>\n<div class=\"btn_ver\">Leer m\u00e1s<\/div>\n<\/div>\n<p><\/a><\/p>\n<div class=\"caption\">\n<div class=\"title\">\n<div class=\"title-hover-color\"><\/div>\n<div class=\"title-inner\">\n<div class=\"title-inner-content\">Inicial<\/div>\n<\/div>\n<p><a href=\"javascript:void(0);\" class=\"share-block-toggle\" title=\"Share\">&#xe607;<\/a><span class=\"share-block\"><a target=\"_blank\" href=\"https:\/\/www.facebook.com\/sharer\/sharer.php?s=100&amp;p%5Burl%5D=https%3A%2F%2Fwww.lalitojma.edu.pe%2Fportal%2Fniveles-de-estudio%2Finicial%2F&amp;p%5Btitle%5D=Inicial&amp;p%5Bimages%5D%5B0%5D=https%3A%2F%2Fwww.lalitojma.edu.pe%2Fportal%2Fwp-content%2Fuploads%2F2018%2F11%2Fhome_niveles_inicial.jpg\">&#xe601;<\/a><a target=\"_blank\" href=\"https:\/\/twitter.com\/intent\/tweet?text=Inicial&amp;url=https%3A%2F%2Fwww.lalitojma.edu.pe%2Fportal%2Fniveles-de-estudio%2Finicial%2F\">&#xe603;<\/a><a target=\"_blank\" href=\"https:\/\/plus.google.com\/share?url=https%3A%2F%2Fwww.lalitojma.edu.pe%2Fportal%2Fniveles-de-estudio%2Finicial%2F\">&#xe602;<\/a><a target=\"_blank\" href=\"http:\/\/www.pinterest.com\/pin\/create\/button\/?url=https%3A%2F%2Fwww.lalitojma.edu.pe%2Fportal%2Fniveles-de-estudio%2Finicial%2F&amp;media=https%3A%2F%2Fwww.lalitojma.edu.pe%2Fportal%2Fwp-content%2Fuploads%2F2018%2F11%2Fhome_niveles_inicial.jpg&amp;description=Inicial\">&#xe605;<\/a><a target=\"_blank\" href=\"http:\/\/www.linkedin.com\/shareArticle?mini=true&amp;url=https%3A%2F%2Fwww.lalitojma.edu.pe%2Fportal%2Fniveles-de-estudio%2Finicial%2F&amp;title=Inicial\">&#xe604;<\/a><a target=\"_blank\" href=\"http:\/\/www.stumbleupon.com\/submit?url=https%3A%2F%2Fwww.lalitojma.edu.pe%2Fportal%2Fniveles-de-estudio%2Finicial%2F&amp;title=Inicial\">&#xe606;<\/a><\/span><\/div>\n<div class=\"description\">\n<p>Nuestra propuesta pedag\u00f3gica abarca la atenci\u00f3n de ni\u00f1os de 3, 4 y 5 a\u00f1os de edad, siendo muy respetuosos de las caracter\u00edsticas psicoevolutivas del ni\u00f1o.<\/p>\n<\/div>\n<div class=\"info\">23 noviembre, 2018<\/div>\n<\/div>\n<\/li>\n<li class=\"self-linklazy-loading-item\" data-ll-effect=\"drop-bottom\"><a href=\"https:\/\/www.lalitojma.edu.pe\/portal\/niveles-de-estudio\/primaria\/\"><span class=\"image\"><img decoding=\"async\" src=\"https:\/\/www.lalitojma.edu.pe\/portal\/wp-content\/uploads\/2018\/11\/home_niveles_primaria-570x340.jpg\" width=\"570\" height=\"340\" alt=\"Primaria\" \/><br \/>\n<h3 class=\"titulo_nivel\">Primaria<\/h3>\n<p><\/span><\/p>\n<div class=\"cont_hover\">\n<h4>Nivel Primaria<\/h4>\n<p>Nuestra propuesta pedag\u00f3gica es brindar a nuestros estudiantes el mejor servicio educativo para el logro de sus aprendizajes esperados.<\/p>\n<div class=\"btn_ver\">Leer m\u00e1s<\/div>\n<\/div>\n<p><\/a><\/p>\n<div class=\"caption\">\n<div class=\"title\">\n<div class=\"title-hover-color\"><\/div>\n<div class=\"title-inner\">\n<div class=\"title-inner-content\">Primaria<\/div>\n<\/div>\n<p><a href=\"javascript:void(0);\" class=\"share-block-toggle\" title=\"Share\">&#xe607;<\/a><span class=\"share-block\"><a target=\"_blank\" href=\"https:\/\/www.facebook.com\/sharer\/sharer.php?s=100&amp;p%5Burl%5D=https%3A%2F%2Fwww.lalitojma.edu.pe%2Fportal%2Fniveles-de-estudio%2Fprimaria%2F&amp;p%5Btitle%5D=Primaria&amp;p%5Bimages%5D%5B0%5D=https%3A%2F%2Fwww.lalitojma.edu.pe%2Fportal%2Fwp-content%2Fuploads%2F2018%2F11%2Fhome_niveles_primaria.jpg\">&#xe601;<\/a><a target=\"_blank\" href=\"https:\/\/twitter.com\/intent\/tweet?text=Primaria&amp;url=https%3A%2F%2Fwww.lalitojma.edu.pe%2Fportal%2Fniveles-de-estudio%2Fprimaria%2F\">&#xe603;<\/a><a target=\"_blank\" href=\"https:\/\/plus.google.com\/share?url=https%3A%2F%2Fwww.lalitojma.edu.pe%2Fportal%2Fniveles-de-estudio%2Fprimaria%2F\">&#xe602;<\/a><a target=\"_blank\" href=\"http:\/\/www.pinterest.com\/pin\/create\/button\/?url=https%3A%2F%2Fwww.lalitojma.edu.pe%2Fportal%2Fniveles-de-estudio%2Fprimaria%2F&amp;media=https%3A%2F%2Fwww.lalitojma.edu.pe%2Fportal%2Fwp-content%2Fuploads%2F2018%2F11%2Fhome_niveles_primaria.jpg&amp;description=Primaria\">&#xe605;<\/a><a target=\"_blank\" href=\"http:\/\/www.linkedin.com\/shareArticle?mini=true&amp;url=https%3A%2F%2Fwww.lalitojma.edu.pe%2Fportal%2Fniveles-de-estudio%2Fprimaria%2F&amp;title=Primaria\">&#xe604;<\/a><a target=\"_blank\" href=\"http:\/\/www.stumbleupon.com\/submit?url=https%3A%2F%2Fwww.lalitojma.edu.pe%2Fportal%2Fniveles-de-estudio%2Fprimaria%2F&amp;title=Primaria\">&#xe606;<\/a><\/span><\/div>\n<div class=\"description\">\n<p>Nuestra propuesta pedag\u00f3gica es brindar a nuestros estudiantes el mejor servicio educativo para el logro de sus aprendizajes esperados.<\/p>\n<\/div>\n<div class=\"info\">23 noviembre, 2018<\/div>\n<\/div>\n<\/li>\n<li class=\"self-linklazy-loading-item\" data-ll-effect=\"drop-bottom\"><a href=\"https:\/\/www.lalitojma.edu.pe\/portal\/niveles-de-estudio\/secundaria\/\"><span class=\"image\"><img decoding=\"async\" src=\"https:\/\/www.lalitojma.edu.pe\/portal\/wp-content\/uploads\/2018\/11\/home_niveles_secundaria-570x340.jpg\" width=\"570\" height=\"340\" alt=\"Secundaria\" \/><br \/>\n<h3 class=\"titulo_nivel\">Secundaria<\/h3>\n<p><\/span><\/p>\n<div class=\"cont_hover\">\n<h4>Nivel Secundaria<\/h4>\n<p>Estimulamos el buen uso de las herramientas tecnol\u00f3gicas en las aulas, para un mejor aprendizaje dentro de un mundo que cambia constantemente.<\/p>\n<div class=\"btn_ver\">Leer m\u00e1s<\/div>\n<\/div>\n<p><\/a><\/p>\n<div class=\"caption\">\n<div class=\"title\">\n<div class=\"title-hover-color\"><\/div>\n<div class=\"title-inner\">\n<div class=\"title-inner-content\">Secundaria<\/div>\n<\/div>\n<p><a href=\"javascript:void(0);\" class=\"share-block-toggle\" title=\"Share\">&#xe607;<\/a><span class=\"share-block\"><a target=\"_blank\" href=\"https:\/\/www.facebook.com\/sharer\/sharer.php?s=100&amp;p%5Burl%5D=https%3A%2F%2Fwww.lalitojma.edu.pe%2Fportal%2Fniveles-de-estudio%2Fsecundaria%2F&amp;p%5Btitle%5D=Secundaria&amp;p%5Bimages%5D%5B0%5D=https%3A%2F%2Fwww.lalitojma.edu.pe%2Fportal%2Fwp-content%2Fuploads%2F2018%2F11%2Fhome_niveles_secundaria.jpg\">&#xe601;<\/a><a target=\"_blank\" href=\"https:\/\/twitter.com\/intent\/tweet?text=Secundaria&amp;url=https%3A%2F%2Fwww.lalitojma.edu.pe%2Fportal%2Fniveles-de-estudio%2Fsecundaria%2F\">&#xe603;<\/a><a target=\"_blank\" href=\"https:\/\/plus.google.com\/share?url=https%3A%2F%2Fwww.lalitojma.edu.pe%2Fportal%2Fniveles-de-estudio%2Fsecundaria%2F\">&#xe602;<\/a><a target=\"_blank\" href=\"http:\/\/www.pinterest.com\/pin\/create\/button\/?url=https%3A%2F%2Fwww.lalitojma.edu.pe%2Fportal%2Fniveles-de-estudio%2Fsecundaria%2F&amp;media=https%3A%2F%2Fwww.lalitojma.edu.pe%2Fportal%2Fwp-content%2Fuploads%2F2018%2F11%2Fhome_niveles_secundaria.jpg&amp;description=Secundaria\">&#xe605;<\/a><a target=\"_blank\" href=\"http:\/\/www.linkedin.com\/shareArticle?mini=true&amp;url=https%3A%2F%2Fwww.lalitojma.edu.pe%2Fportal%2Fniveles-de-estudio%2Fsecundaria%2F&amp;title=Secundaria\">&#xe604;<\/a><a target=\"_blank\" href=\"http:\/\/www.stumbleupon.com\/submit?url=https%3A%2F%2Fwww.lalitojma.edu.pe%2Fportal%2Fniveles-de-estudio%2Fsecundaria%2F&amp;title=Secundaria\">&#xe606;<\/a><\/span><\/div>\n<div class=\"description\">\n<p>Estimulamos el buen uso de las herramientas tecnol\u00f3gicas en las aulas, para un mejor aprendizaje dentro de un mundo que cambia constantemente.<\/p>\n<\/div>\n<div class=\"info\">23 noviembre, 2018<\/div>\n<\/div>\n<\/li>\n<\/ul>\n<\/div>\n<\/div>\n<div class=\"loading\"><\/div>\n<p>[\/vc_column][\/vc_row]<\/p>\n","protected":false},"excerpt":{"rendered":"<p>[vc_row full_width=&#8221;stretch_row_content_no_spaces&#8221; content_placement=&#8221;top&#8221;][vc_column][\/vc_column][\/vc_row]<\/p>\n","protected":false},"author":1,"featured_media":0,"parent":0,"menu_order":0,"comment_status":"closed","ping_status":"closed","template":"","meta":{"footnotes":""},"class_list":["post-10","page","type-page","status-publish","hentry"],"_links":{"self":[{"href":"https:\/\/www.lalitojma.edu.pe\/portal\/wp-json\/wp\/v2\/pages\/10"}],"collection":[{"href":"https:\/\/www.lalitojma.edu.pe\/portal\/wp-json\/wp\/v2\/pages"}],"about":[{"href":"https:\/\/www.lalitojma.edu.pe\/portal\/wp-json\/wp\/v2\/types\/page"}],"author":[{"embeddable":true,"href":"https:\/\/www.lalitojma.edu.pe\/portal\/wp-json\/wp\/v2\/users\/1"}],"replies":[{"embeddable":true,"href":"https:\/\/www.lalitojma.edu.pe\/portal\/wp-json\/wp\/v2\/comments?post=10"}],"version-history":[{"count":4,"href":"https:\/\/www.lalitojma.edu.pe\/portal\/wp-json\/wp\/v2\/pages\/10\/revisions"}],"predecessor-version":[{"id":224,"href":"https:\/\/www.lalitojma.edu.pe\/portal\/wp-json\/wp\/v2\/pages\/10\/revisions\/224"}],"wp:attachment":[{"href":"https:\/\/www.lalitojma.edu.pe\/portal\/wp-json\/wp\/v2\/media?parent=10"}],"curies":[{"name":"wp","href":"https:\/\/api.w.org\/{rel}","templated":true}]}}