{"id":221,"date":"2018-11-29T07:05:29","date_gmt":"2018-11-29T07:05:29","guid":{"rendered":"http:\/\/www.sie-colegios.com\/san-francisco\/?page_id=221"},"modified":"2025-08-18T04:38:57","modified_gmt":"2025-08-18T04:38:57","slug":"mision-y-vision","status":"publish","type":"page","link":"https:\/\/www.lalitojma.edu.pe\/portal\/nosotros\/mision-y-vision\/","title":{"rendered":"Misi\u00f3n y Visi\u00f3n"},"content":{"rendered":"<p>[vc_row content_placement=&#8221;middle&#8221;][vc_column width=&#8221;1\/2&#8243;][vc_column_text]<strong>MISI\u00d3N<\/strong><br \/>\nSu finalidad es el logro de los aprendizajes y la formaci\u00f3n integral de sus estudiantes y como \u00e1mbito f\u00edsico y social, establecer v\u00ednculos y poner a disposici\u00f3n sus instalaciones para el desarrollo de actividades extracurriculares y comunitarias.<\/p>\n<p>&nbsp;<\/p>\n<p>Que los maestros contribuyan eficazmente en la formaci\u00f3n de los educandos en todas sus dimensiones del desarrollo humano consider\u00e1ndose: idoneidad, profesional, responsabilidad en el trabajo e identidad.<\/p>\n<p>&nbsp;<\/p>\n<p>Que las metodolog\u00edas aplicadas alcancen niveles adecuados y alta calidad en el servicio educativo.<\/p>\n<p>&nbsp;<\/p>\n<p>Y seguidamente que la tarea primordial sea el de formar ciudadanos que abriguen firmes convicciones democr\u00e1ticas y que produzcan bienestar.<\/p>\n<p>&nbsp;<\/p>\n<p>Que nuestros educandos asuman con responsabilidad, su proceso de aprendizaje, practicar la tolerancia, la solidaridad, el di\u00e1logo y la convivencia.<\/p>\n<p>&nbsp;<\/p>\n<p>Y sus padres como n\u00facleo fundamental y responsables de la educaci\u00f3n integral de sus hijos participen, colaboren y apoyen la gesti\u00f3n pedag\u00f3gica comprometidos colegio y patria.<\/p>\n<p>&nbsp;<\/p>\n<p>&nbsp;<\/p>\n<p><strong>VISI\u00d3N<\/strong><br \/>\nEl desarrollo tecnol\u00f3gico y cient\u00edfico nos impone el reto que esa preminencia se manifiesta en los alumnos en la vida social como seres humanos que son:<\/p>\n<ul>\n<li>Proyectarnos hacia un modelo de desarrollo de capacidades.<\/li>\n<\/ul>\n<ul>\n<li>Utilizar la tecnolog\u00eda con creatividad y responsabilidad.<\/li>\n<\/ul>\n<ul>\n<li>Comunicar y comprender ideas, experiencias y sentimientos.<\/li>\n<\/ul>\n<ul>\n<li>Alcanzar un alto nivel cultural, humanista y cient\u00edfico como un valor en s\u00ed y como indispensable instrumento de progreso.<\/li>\n<\/ul>\n<p>[\/vc_column_text][\/vc_column][vc_column width=&#8221;1\/2&#8243;]<\/p>\n<div class=\"image wrap-box style-5 below\" style=\"\">\n<div class=\"wrap-box-inner\">\n<div class=\"shadow-wrap\"><img decoding=\"async\" class=\"wrap-box-element\" style=\" \" src=\"http:\/\/www.lalitojma.edu.pe\/portal\/wp-content\/uploads\/2020\/01\/interior-imagen-1.jpg\" alt=\"\"\/><\/div>\n<\/div>\n<\/div>\n<div class=\"image wrap-box style-5 below\" style=\"\">\n<div class=\"wrap-box-inner\">\n<div class=\"shadow-wrap\"><img decoding=\"async\" class=\"wrap-box-element\" style=\" \" src=\"http:\/\/www.lalitojma.edu.pe\/portal\/wp-content\/uploads\/2020\/01\/interior-imagen-13.jpg\" alt=\"\"\/><\/div>\n<\/div>\n<\/div>\n<p>[\/vc_column][\/vc_row]<\/p>\n","protected":false},"excerpt":{"rendered":"<p>[vc_row content_placement=&#8221;middle&#8221;][vc_column width=&#8221;1\/2&#8243;][vc_column_text]MISI\u00d3N Su finalidad es el logro de los aprendizajes y la formaci\u00f3n integral de sus estudiantes y como&#8230;<\/p>\n","protected":false},"author":1,"featured_media":0,"parent":8,"menu_order":0,"comment_status":"closed","ping_status":"closed","template":"","meta":{"footnotes":""},"class_list":["post-221","page","type-page","status-publish","hentry"],"_links":{"self":[{"href":"https:\/\/www.lalitojma.edu.pe\/portal\/wp-json\/wp\/v2\/pages\/221"}],"collection":[{"href":"https:\/\/www.lalitojma.edu.pe\/portal\/wp-json\/wp\/v2\/pages"}],"about":[{"href":"https:\/\/www.lalitojma.edu.pe\/portal\/wp-json\/wp\/v2\/types\/page"}],"author":[{"embeddable":true,"href":"https:\/\/www.lalitojma.edu.pe\/portal\/wp-json\/wp\/v2\/users\/1"}],"replies":[{"embeddable":true,"href":"https:\/\/www.lalitojma.edu.pe\/portal\/wp-json\/wp\/v2\/comments?post=221"}],"version-history":[{"count":11,"href":"https:\/\/www.lalitojma.edu.pe\/portal\/wp-json\/wp\/v2\/pages\/221\/revisions"}],"predecessor-version":[{"id":924,"href":"https:\/\/www.lalitojma.edu.pe\/portal\/wp-json\/wp\/v2\/pages\/221\/revisions\/924"}],"up":[{"embeddable":true,"href":"https:\/\/www.lalitojma.edu.pe\/portal\/wp-json\/wp\/v2\/pages\/8"}],"wp:attachment":[{"href":"https:\/\/www.lalitojma.edu.pe\/portal\/wp-json\/wp\/v2\/media?parent=221"}],"curies":[{"name":"wp","href":"https:\/\/api.w.org\/{rel}","templated":true}]}}