{"id":533,"date":"2019-12-05T04:50:12","date_gmt":"2019-12-05T04:50:12","guid":{"rendered":"http:\/\/www.lalitojma.edu.pe\/portal\/?page_id=533"},"modified":"2025-03-13T03:38:58","modified_gmt":"2025-03-13T03:38:58","slug":"perfiles","status":"publish","type":"page","link":"https:\/\/www.lalitojma.edu.pe\/portal\/nosotros\/perfiles\/","title":{"rendered":"Perfiles"},"content":{"rendered":"<p>[vc_row content_placement=&#8221;middle&#8221;][vc_column width=&#8221;1\/2&#8243;][vc_column_text]<strong>PERFIL DEL ALUMNO<\/strong><\/p>\n<ul>\n<li>Educarlos para la competitividad.<\/li>\n<li>Cr\u00edticos y reflexivos.<\/li>\n<li>Valores: respeto, solidaridad.<\/li>\n<li>Personas de \u00e9xito y grandes metas en la vida.<\/li>\n<li>Expresa sus opiniones en un idioma extranjero.<\/li>\n<li>Comprende y produce textos escritos aplicando su conocimiento ling\u00fc\u00edstico del idioma Ingl\u00e9s.<\/li>\n<li>Creadores y constructores de culturas desarrolladas en 3 columnas: Dios, Patria y Familia.<\/li>\n<\/ul>\n<p>&nbsp;<\/p>\n<p><strong>PERFIL DEL PADRE DE FAMILIA<\/strong><\/p>\n<ul>\n<li>Asume plenamente el compromiso y la convicci\u00f3n de ser los primeros y principales educadores de sus hijos.<\/li>\n<li>Abiertos a la comunicaci\u00f3n y al di\u00e1logo, dispuestos a escuchar, participar y colaborar en todo lo que la instituci\u00f3n les solicite para contribuir a la formaci\u00f3n de sus hijos.<\/li>\n<li>Respeta, cumple y ayuda a la Instituci\u00f3n a cumplir sus objetivos, reglamento, normas y trata de mejorar la imagen de la instituci\u00f3n dentro y fuera de ella.<\/li>\n<li>Asumen el acompa\u00f1amiento de sus hijos, con su presencia efectiva en el hogar y apoy\u00e1ndolas en las iniciativas formativas de la instituci\u00f3n.<\/li>\n<li>Trasmiten valores de justicia, paz y tolerancia cimentando las bases de la vida en comunidad.<\/li>\n<li>Responsables ante los compromisos adquiridos con el colegio. Identificados con el proceso formativo que le brinda la instituci\u00f3n a sus hijos y con el estilo de trabajo y las orientaciones que ello demanda.<\/li>\n<\/ul>\n<p>&nbsp;<\/p>\n<p>&nbsp;<\/p>\n<p>&nbsp;<\/p>\n<p>&nbsp;<\/p>\n<p>&nbsp;<\/p>\n<p>&nbsp;<\/p>\n<p>&nbsp;<\/p>\n<p>&nbsp;<\/p>\n<p>&nbsp;<\/p>\n<p>&nbsp;<\/p>\n<p>[\/vc_column_text][\/vc_column][vc_column width=&#8221;1\/2&#8243;]<\/p>\n<div class=\"image wrap-box style-5 below\" style=\"\">\n<div class=\"wrap-box-inner\">\n<div class=\"shadow-wrap\"><img decoding=\"async\" class=\"wrap-box-element\" style=\" \" src=\"http:\/\/www.lalitojma.edu.pe\/portal\/wp-content\/uploads\/2020\/01\/interior-imagen-7.jpg\" alt=\"\"\/><\/div>\n<\/div>\n<\/div>\n<div class=\"image wrap-box style-5 below\" style=\"\">\n<div class=\"wrap-box-inner\">\n<div class=\"shadow-wrap\"><img decoding=\"async\" class=\"wrap-box-element\" style=\" \" src=\"http:\/\/www.lalitojma.edu.pe\/portal\/wp-content\/uploads\/2020\/01\/home-slider-10.jpg\" alt=\"\"\/><\/div>\n<\/div>\n<\/div>\n<p>[\/vc_column][\/vc_row]<\/p>\n","protected":false},"excerpt":{"rendered":"<p>[vc_row content_placement=&#8221;middle&#8221;][vc_column width=&#8221;1\/2&#8243;][vc_column_text]PERFIL DEL ALUMNO Educarlos para la competitividad. Cr\u00edticos y reflexivos. Valores: respeto, solidaridad. Personas de \u00e9xito y grandes&#8230;<\/p>\n","protected":false},"author":1,"featured_media":0,"parent":8,"menu_order":0,"comment_status":"closed","ping_status":"closed","template":"","meta":{"footnotes":""},"class_list":["post-533","page","type-page","status-publish","hentry"],"_links":{"self":[{"href":"https:\/\/www.lalitojma.edu.pe\/portal\/wp-json\/wp\/v2\/pages\/533"}],"collection":[{"href":"https:\/\/www.lalitojma.edu.pe\/portal\/wp-json\/wp\/v2\/pages"}],"about":[{"href":"https:\/\/www.lalitojma.edu.pe\/portal\/wp-json\/wp\/v2\/types\/page"}],"author":[{"embeddable":true,"href":"https:\/\/www.lalitojma.edu.pe\/portal\/wp-json\/wp\/v2\/users\/1"}],"replies":[{"embeddable":true,"href":"https:\/\/www.lalitojma.edu.pe\/portal\/wp-json\/wp\/v2\/comments?post=533"}],"version-history":[{"count":5,"href":"https:\/\/www.lalitojma.edu.pe\/portal\/wp-json\/wp\/v2\/pages\/533\/revisions"}],"predecessor-version":[{"id":899,"href":"https:\/\/www.lalitojma.edu.pe\/portal\/wp-json\/wp\/v2\/pages\/533\/revisions\/899"}],"up":[{"embeddable":true,"href":"https:\/\/www.lalitojma.edu.pe\/portal\/wp-json\/wp\/v2\/pages\/8"}],"wp:attachment":[{"href":"https:\/\/www.lalitojma.edu.pe\/portal\/wp-json\/wp\/v2\/media?parent=533"}],"curies":[{"name":"wp","href":"https:\/\/api.w.org\/{rel}","templated":true}]}}