{"id":668,"date":"2020-10-27T03:46:57","date_gmt":"2020-10-27T03:46:57","guid":{"rendered":"https:\/\/www.lalitojma.edu.pe\/portal\/?page_id=668"},"modified":"2020-10-27T05:41:35","modified_gmt":"2020-10-27T05:41:35","slug":"aprendizaje-virtual","status":"publish","type":"page","link":"https:\/\/www.lalitojma.edu.pe\/portal\/aprendizaje-virtual\/","title":{"rendered":":: Aprendizaje Virtual ::"},"content":{"rendered":"<p>[vc_row][vc_column width=&#8221;1\/2&#8243;][vc_column_text]<\/p>\n<p style=\"text-align: center;\"><strong>\u00a1LA INSTITUCI\u00d3N TIENE PROPUESTAS INNOVADORES!<\/strong><\/p>\n<p>&nbsp;<\/p>\n<p>Lalito Jos\u00e9 Mar\u00eda Arguedas de Lur\u00edn impulsa las propuestas Educativas Virtuales, ofrece un servicio de Calidad a trav\u00e9s de las herramientas tecnol\u00f3gicas, valiosas de \u00faltima generaci\u00f3n.<\/p>\n<p>&nbsp;<\/p>\n<p><strong>M\u00e9todo Lalito &#8211; Jos\u00e9 Mar\u00eda Arguedas<\/strong>, con la misma dedicaci\u00f3n, con su amplio curr\u00edculo, logrando involucrarlos de manera intencional, en experiencias retadoras, utilizando la mejor herramienta : LA INVESTIGACI\u00d3N , EL CONOCIMIENTO Y VALORES , logrando involucrarlos de manera intencional.<\/p>\n<p>&nbsp;<\/p>\n<p><strong>LA META ES EL FUTURO<\/strong><br \/>\nEL COLEGIO, S\u00cd TIENE SUS CANALES VIRTUALES EST\u00c1 PREPARADO PARA ATENDER A NUESTROS EDUCANDOS.<\/p>\n<p>&nbsp;<\/p>\n<p><strong>Con EXPERIENCIA RETADORA Y UN ALTO NIVEL ACAD\u00c9MICO<\/strong>.<\/p>\n<ul>\n<li>Implementamos las Propuestas Educativas, a trav\u00e9s de las cuales se desarrollan las competencias correspondientes en cada Nivel.<\/li>\n<\/ul>\n<ul>\n<li>Utilizamos recursos tecnol\u00f3gicos de \u00faltima generaci\u00f3n.<\/li>\n<\/ul>\n<ul>\n<li>Brinda los servicios educativos de manera virtual y oportunamente en forma presencial.<\/li>\n<\/ul>\n<ul>\n<li>Nuestro Programa Acad\u00e9mico es de Primera L\u00ednea, permite que nuestros estudiantes opten una actitud activa de aprendizaje.<\/li>\n<\/ul>\n<ul>\n<li>Las Propuestas tiene los mismos EST\u00c1NDARES de los mejores colegios del Per\u00fa.<\/li>\n<\/ul>\n<ul>\n<li>La Instituci\u00f3n tiene propuestas innovadoras.<\/li>\n<\/ul>\n<p>Invitamos a la Charla Informativa<br \/>\n\u00a1Llena el formulario e inscr\u00edbete!<\/p>\n<p>&nbsp;<\/p>\n<p><strong>M\u00c9TODOLOG\u00cdA LALITO \u2013 JOS\u00c9 MAR\u00cdA ARGUEDAS<\/strong><br \/>\nA trav\u00e9s del pensamiento, juegos, impulsa la forma permanente a generar Innovaciones que garanticen un alto nivel de Competitividad Global en nuestros estudiante.<\/p>\n<p>&nbsp;<\/p>\n<p>EL CURR\u00cdCULO ES AMPLIO logrando involucrarlos de manera intencional y Programada en Experiencias Retadoras e Interactivas de Aprendizaje.<\/p>\n<p>&nbsp;<\/p>\n<p>UTILIZA la Mejor Herramienta: La Investigaci\u00f3n, El Conocimiento, Valores.<\/p>\n<p>&nbsp;<\/p>\n<p>El Programa de la Instituci\u00f3n permite que los estudiantes de Inicial, Primaria y Secundaria adopten una actitud ACTIVA DE APRENDIZAJE.<\/p>\n<p>&nbsp;<\/p>\n<p><strong>FORMA J\u00d3VENES CR\u00cdTICOS, SOLIDARIOS, INFORMADOS.<\/strong><\/p>\n<ul>\n<li>Su PREPARACI\u00d3N, les abre las puertas a las diferentes UNIVERSIDADES.<\/li>\n<\/ul>\n<ul>\n<li>INNOVADORA de conceptos estructurados a trav\u00e9s de las cuales se desarrollan las COMPETENCIAS para la formaci\u00f3n de nuestros estudiantes.<\/li>\n<\/ul>\n<ul>\n<li>La Instituci\u00f3n tiene una gran EXPERIENCIA RETADORA E INTERACTIVA de Aprendizaje Nacional.<\/li>\n<\/ul>\n<ul>\n<li>Rescata la CREATIVIDAD Y CURIOSIDAD de los estudiantes con una NUEVA CULTURA DE APRENDIZAJE.<\/li>\n<\/ul>\n<ul>\n<li>La Propuesta de ENSE\u00d1ANZA tiene los mismos EST\u00c1NDARES de los MEJORES COLEGIOS DEL PA\u00cdS.<\/li>\n<\/ul>\n<ul>\n<li>Desarrollan una fuerte IDENTIDAD PERSONAL Y CULTURAL.<\/li>\n<\/ul>\n<ul>\n<li>Desarrollan la CAPACIDAD DE COMPRENDER a personas de las DIFERENTES CULTURAS, as\u00ed como a comunicarse con ellas.<\/li>\n<\/ul>\n<p>&nbsp;<\/p>\n<p><span style=\"color: #993300;\"><strong>RESE\u00d1A HIST\u00d3RICA<\/strong><\/span><br \/>\n<span style=\"color: #993300;\"><strong>EXCELENCIA CON EL PASO DEL TIEMPO<\/strong><\/span><\/p>\n<ul>\n<li>Fundaci\u00f3n del Colegio Lalito el a\u00f1o 1992.<\/li>\n<\/ul>\n<ul>\n<li>Prolonga la experiencia desde el Nivel Inicial y Primaria , con el esp\u00edritu innovador y la b\u00fasqueda permanentre de mejores herramientas.<\/li>\n<\/ul>\n<ul>\n<li>2000, fue uno de los PRIMEROS colegios privados que incorporaran el Nivel SECUNDARIA.<\/li>\n<\/ul>\n<ul>\n<li>1994 Ense\u00f1anza para la Comprensi\u00f3n , se introduce este Marco Curricular basados en el Proyecto \u201cLonche arguediano\u201c.<\/li>\n<\/ul>\n<ul>\n<li>Compresi\u00f3n y exposici\u00f3n de Obras Literarias y conmo base para el aprendizaje : CREACI\u00d3N DE CUENTOS.<\/li>\n<\/ul>\n<ul>\n<li>2002 PROGRAMA TECNOL\u00d3GICO , se introduce en el Marco Curricular el uso de la \u201cTecnolog\u00eda de punta\u201c.<\/li>\n<\/ul>\n<ul>\n<li>Con la Presencia de nuestro Ilustre y Recordado gran Autor de muchas Obras Literarias Miguel Gutierrez.<\/li>\n<\/ul>\n<ul>\n<li>2010 \u201cPROGRAMA PRE-UNIVERSITARIOS \u201c , imparte el Programa con elaboraci\u00f3n de textos preparados por nuestro equipo acad\u00e9mico en las diferentes \u00c1reas.<\/li>\n<\/ul>\n<ul>\n<li>2011 Programa de Modelo Curricular en las Siguientes FASES :<br \/>\na) C\u00edrculo de Estudios<br \/>\nb) Pre-San Marcos<br \/>\nc) Grupo de Estudios.<\/li>\n<\/ul>\n<ul>\n<li>2014 &#8211; La Prestigiosa Instituci\u00f3n Lalito-Jos\u00e9 Mar\u00eda Arguedas se suma a elevar el Nivel Cultural de la Comundad de Lur\u00edn y Alrededor.<br \/>\na) Ferias de Libros con la presencia de grande escritores peruanos.<br \/>\nb) Concursos.<br \/>\nc) Simulacros (ex\u00e1menes en las diferentes universidades).<\/li>\n<\/ul>\n<ul>\n<li>2020 &#8211; SIN PRECEDENTES inmediato se continu\u00f3 con sus clases Virtuales a trav\u00e9s de su Plataforma Virtual (Programa Virtual).<\/li>\n<\/ul>\n<p>&nbsp;<\/p>\n<p><strong>El OBJETIVO ES MOTIVAR LA CAPACIDAD DE AN\u00c1LISIS Y LA ACTITUD EMPRENDEDORA.<\/strong><br \/>\n<strong>La Meta es el Futuro :<\/strong><br \/>\n<strong>\u00a1 Renovamos la Educaci\u00f3n !<\/strong><br \/>\n<strong>\u00a1 Digitalizamos la Ense\u00f1anza !<\/strong>[\/vc_column_text][\/vc_column][vc_column width=&#8221;1\/2&#8243;]<\/p>\n<div class=\"image wrap-box style-3 below\" style=\"\">\n<div class=\"wrap-box-inner\"><img decoding=\"async\" class=\"wrap-box-element\" style=\" \" src=\"https:\/\/www.lalitojma.edu.pe\/portal\/wp-content\/uploads\/2020\/01\/interior-imagen-31.jpg\" alt=\"\"\/><\/div>\n<\/div>\n<div class=\"image wrap-box style-3 below\" style=\"\">\n<div class=\"wrap-box-inner\"><img decoding=\"async\" class=\"wrap-box-element\" style=\" \" src=\"https:\/\/www.lalitojma.edu.pe\/portal\/wp-content\/uploads\/2020\/01\/interior-imagen-1.jpg\" alt=\"\"\/><\/div>\n<\/div>\n<div class=\"image wrap-box style-3 below\" style=\"\">\n<div class=\"wrap-box-inner\"><img decoding=\"async\" class=\"wrap-box-element\" style=\" \" src=\"https:\/\/www.lalitojma.edu.pe\/portal\/wp-content\/uploads\/2020\/01\/home-slider-10.jpg\" alt=\"\"\/><\/div>\n<\/div>\n<div class=\"image wrap-box style-3 below\" style=\"\">\n<div class=\"wrap-box-inner\"><img decoding=\"async\" class=\"wrap-box-element\" style=\" \" src=\"https:\/\/www.lalitojma.edu.pe\/portal\/wp-content\/uploads\/2018\/11\/home-nivel-primaria-1.jpg\" alt=\"\"\/><\/div>\n<\/div>\n<div class=\"image wrap-box style-3 below\" style=\"\">\n<div class=\"wrap-box-inner\"><img decoding=\"async\" class=\"wrap-box-element\" style=\" \" src=\"https:\/\/www.lalitojma.edu.pe\/portal\/wp-content\/uploads\/2020\/01\/interior-imagen-9.jpg\" alt=\"\"\/><\/div>\n<\/div>\n<p>[\/vc_column][\/vc_row]<\/p>\n","protected":false},"excerpt":{"rendered":"<p>[vc_row][vc_column width=&#8221;1\/2&#8243;][vc_column_text] \u00a1LA INSTITUCI\u00d3N TIENE PROPUESTAS INNOVADORES! &nbsp; Lalito Jos\u00e9 Mar\u00eda Arguedas de Lur\u00edn impulsa las propuestas Educativas Virtuales, ofrece&#8230;<\/p>\n","protected":false},"author":1,"featured_media":0,"parent":0,"menu_order":0,"comment_status":"closed","ping_status":"closed","template":"","meta":{"footnotes":""},"class_list":["post-668","page","type-page","status-publish","hentry"],"_links":{"self":[{"href":"https:\/\/www.lalitojma.edu.pe\/portal\/wp-json\/wp\/v2\/pages\/668"}],"collection":[{"href":"https:\/\/www.lalitojma.edu.pe\/portal\/wp-json\/wp\/v2\/pages"}],"about":[{"href":"https:\/\/www.lalitojma.edu.pe\/portal\/wp-json\/wp\/v2\/types\/page"}],"author":[{"embeddable":true,"href":"https:\/\/www.lalitojma.edu.pe\/portal\/wp-json\/wp\/v2\/users\/1"}],"replies":[{"embeddable":true,"href":"https:\/\/www.lalitojma.edu.pe\/portal\/wp-json\/wp\/v2\/comments?post=668"}],"version-history":[{"count":3,"href":"https:\/\/www.lalitojma.edu.pe\/portal\/wp-json\/wp\/v2\/pages\/668\/revisions"}],"predecessor-version":[{"id":673,"href":"https:\/\/www.lalitojma.edu.pe\/portal\/wp-json\/wp\/v2\/pages\/668\/revisions\/673"}],"wp:attachment":[{"href":"https:\/\/www.lalitojma.edu.pe\/portal\/wp-json\/wp\/v2\/media?parent=668"}],"curies":[{"name":"wp","href":"https:\/\/api.w.org\/{rel}","templated":true}]}}